{"id":23,"date":"2024-04-29T07:48:03","date_gmt":"2024-04-29T07:48:03","guid":{"rendered":"https:\/\/cristovelazquez.rkinformatika.online\/?page_id=23"},"modified":"2026-04-12T16:16:50","modified_gmt":"2026-04-12T16:16:50","slug":"politicas-de-envio","status":"publish","type":"page","link":"https:\/\/cristovelazquez.com\/eu\/politicas-de-envio\/","title":{"rendered":"Pol\u00edticas de Env\u00edo"},"content":{"rendered":"<div data-elementor-type=\"wp-page\" data-elementor-id=\"23\" class=\"elementor elementor-23\" data-elementor-post-type=\"page\">\n\t\t\t\t\t\t<section class=\"elementor-section elementor-top-section elementor-element elementor-element-c016a5a elementor-section-boxed elementor-section-height-default elementor-section-height-default\" data-id=\"c016a5a\" data-element_type=\"section\" data-e-type=\"section\">\n\t\t\t\t\t\t<div class=\"elementor-container elementor-column-gap-default\">\n\t\t\t\t\t<div class=\"elementor-column elementor-col-100 elementor-top-column elementor-element elementor-element-50471c7\" data-id=\"50471c7\" data-element_type=\"column\" data-e-type=\"column\">\n\t\t\t<div class=\"elementor-widget-wrap elementor-element-populated\">\n\t\t\t\t\t\t<div class=\"elementor-element elementor-element-6b1f47f elementor-widget elementor-widget-text-editor\" data-id=\"6b1f47f\" data-element_type=\"widget\" data-e-type=\"widget\" data-widget_type=\"text-editor.default\">\n\t\t\t\t<div class=\"elementor-widget-container\">\n\t\t\t\t\t\t\t\t\t<h1 align=\"justify\"><strong><span style=\"color: #666666;\"><span style=\"font-family: Helvetica 65 Medium, sans-serif;\"><b>Pol\u00edtica de env\u00edo<\/b><\/span><\/span><\/strong><\/h1><p align=\"justify\"><span style=\"color: #6d6d6d;\"><span style=\"font-family: Helvetica 65 Medium, sans-serif;\"><span style=\"font-size: large;\"><span style=\"font-size: 300%;\">T<\/span>odos los pedidos recibidos, con stock disponible y abonados antes de las 12:00 horas de lunes a viernes ser\u00e1n cursados el mismo d\u00eda. A partir de las 12:00 se tramitar\u00e1n el siguiente d\u00eda h\u00e1bil. Los pedidos con stock disponible tendr\u00e1n un env\u00edo 24 \u2013 48hrs.<\/span><\/span><\/span><\/p><p align=\"justify\"><span style=\"color: #6d6d6d;\"><span style=\"font-family: Helvetica 65 Medium, sans-serif;\"><span style=\"font-size: large;\"><br \/>El precio del env\u00edo incluye 2 intentos de entrega en el domicilio del cliente. El tercer intento y sucesivos correr\u00e1n a cargo del cliente. La empresa de transporte intentar\u00e1 ponerse en contacto con el tel\u00e9fono suministrado por el cliente.<\/span><\/span><\/span><\/p><p align=\"justify\"><span style=\"color: #6d6d6d;\"><span style=\"font-family: Helvetica 65 Medium, sans-serif;\"><span style=\"font-size: large;\"><br \/>No hay confirmado preaviso telef\u00f3nico previo al env\u00edo, por lo que por favor, indique una direcci\u00f3n de entrega donde haya gente de manera habitual, por ejemplo su lugar de trabajo. De esta manera se evitan muchos retrasos y gestiones posteriores.<\/span><\/span><\/span><\/p><p align=\"justify\"><span style=\"color: #6d6d6d;\"><span style=\"font-family: Helvetica 65 Medium, sans-serif;\"><span style=\"font-size: large;\"><br \/>En los env\u00edos Peninsula, Ceuta y Melilla, \u00e9stos pueden ver incrementado su coste por impuestos locales, que correr\u00e1n por cuenta del comprador.<br \/>No se servir\u00e1n pedidos en Apartados de Correos.<\/span><\/span><\/span><\/p><p align=\"justify\"><span style=\"color: #6d6d6d;\"><span style=\"font-family: Helvetica 65 Medium, sans-serif;\"><span style=\"font-size: large;\"><br \/>A cada producto ser\u00e1n aplicables las Condiciones de entrega establecidas en su caso. El usuario deber\u00e1 tener en cuenta dichas Condiciones.<\/span><\/span><\/span><\/p><p align=\"justify\"><br \/><span style=\"color: #6d6d6d; font-size: large;\">Para cualquier cuesti\u00f3n relacionada con la entrega o las condiciones del producto, el usuario deber\u00e1 contactar con Atenci\u00f3n al Cliente de <b>Tempus by Cristo Velazquez<\/b>, enviando un correo electr\u00f3nico a\u00a0<\/span><span style=\"color: #6d6d6d; font-size: large;\"><b>info@cristovelazquez.com<\/b>, que ser\u00e1 respondido a la mayor brevedad.<\/span><\/p><p align=\"justify\"><span style=\"color: #6d6d6d;\"><span style=\"font-family: Helvetica 65 Medium, sans-serif;\"><span style=\"font-size: large;\"><br \/>Los pedidos no se entregan los fines de semana, ni los d\u00edas festivos. Estos d\u00edas, as\u00ed como los afectados por huelga de transportistas o suministradores, no se computar\u00e1n a efectos de plazos de entrega.<\/span><\/span><\/span><\/p><p align=\"justify\"><br \/><span style=\"color: #6d6d6d; font-size: large;\">Tanto las oficinas de\u00a0<b>Tempus by Cristo Velazquez<\/b><\/span><b style=\"color: #6d6d6d; font-size: large;\">.<\/b><span style=\"color: #6d6d6d; font-size: large;\"> como los almacenes de la empresa log\u00edstica est\u00e1n sujetas a las fiestas oficiales de la Comunidad Aut\u00f3noma de Canarias, no dando servicio en dichos d\u00edas.<\/span><\/p><p align=\"justify\">\u00a0<\/p>\t\t\t\t\t\t\t\t<\/div>\n\t\t\t\t<\/div>\n\t\t\t\t\t<\/div>\n\t\t<\/div>\n\t\t\t\t\t<\/div>\n\t\t<\/section>\n\t\t\t\t<\/div>","protected":false},"excerpt":{"rendered":"<p>Pol\u00edtica de env\u00edo Todos los pedidos recibidos, con stock disponible y abonados antes de las 12:00 horas de lunes a viernes ser\u00e1n cursados el mismo d\u00eda. A partir de las 12:00 se tramitar\u00e1n el siguiente d\u00eda h\u00e1bil. Los pedidos con stock disponible tendr\u00e1n un env\u00edo 24 \u2013 48hrs. El precio del env\u00edo incluye 2 intentos [&hellip;]<\/p>\n","protected":false},"author":1,"featured_media":0,"parent":0,"menu_order":0,"comment_status":"closed","ping_status":"closed","template":"elementor_canvas","meta":{"footnotes":""},"class_list":["post-23","page","type-page","status-publish","hentry"],"yoast_head":"<!-- This site is optimized with the Yoast SEO plugin v27.4 - https:\/\/yoast.com\/product\/yoast-seo-wordpress\/ -->\n<title>Pol\u00edticas de Env\u00edo - Tempus by Cristo Velazquez<\/title>\n<meta name=\"robots\" content=\"index, follow, max-snippet:-1, max-image-preview:large, max-video-preview:-1\" \/>\n<link rel=\"canonical\" href=\"https:\/\/cristovelazquez.com\/eu\/politicas-de-envio\/\" \/>\n<meta property=\"og:locale\" content=\"en_US\" \/>\n<meta property=\"og:type\" content=\"article\" \/>\n<meta property=\"og:title\" content=\"Pol\u00edticas de Env\u00edo - Tempus by Cristo Velazquez\" \/>\n<meta property=\"og:description\" content=\"Pol\u00edtica de env\u00edo Todos los pedidos recibidos, con stock disponible y abonados antes de las 12:00 horas de lunes a viernes ser\u00e1n cursados el mismo d\u00eda. A partir de las 12:00 se tramitar\u00e1n el siguiente d\u00eda h\u00e1bil. Los pedidos con stock disponible tendr\u00e1n un env\u00edo 24 \u2013 48hrs. El precio del env\u00edo incluye 2 intentos [&hellip;]\" \/>\n<meta property=\"og:url\" content=\"https:\/\/cristovelazquez.com\/eu\/politicas-de-envio\/\" \/>\n<meta property=\"og:site_name\" content=\"Tempus by Cristo Velazquez\" \/>\n<meta property=\"article:modified_time\" content=\"2026-04-12T16:16:50+00:00\" \/>\n<meta name=\"twitter:card\" content=\"summary_large_image\" \/>\n<meta name=\"twitter:label1\" content=\"Est. reading time\" \/>\n\t<meta name=\"twitter:data1\" content=\"2 minutua\" \/>\n<script type=\"application\/ld+json\" class=\"yoast-schema-graph\">{\"@context\":\"https:\\\/\\\/schema.org\",\"@graph\":[{\"@type\":\"WebPage\",\"@id\":\"https:\\\/\\\/cristovelazquez.com\\\/politicas-de-envio\\\/\",\"url\":\"https:\\\/\\\/cristovelazquez.com\\\/politicas-de-envio\\\/\",\"name\":\"Pol\u00edticas de Env\u00edo - Tempus by Cristo Velazquez\",\"isPartOf\":{\"@id\":\"https:\\\/\\\/cristovelazquez.com\\\/#website\"},\"datePublished\":\"2024-04-29T07:48:03+00:00\",\"dateModified\":\"2026-04-12T16:16:50+00:00\",\"breadcrumb\":{\"@id\":\"https:\\\/\\\/cristovelazquez.com\\\/politicas-de-envio\\\/#breadcrumb\"},\"inLanguage\":\"eu\",\"potentialAction\":[{\"@type\":\"ReadAction\",\"target\":[\"https:\\\/\\\/cristovelazquez.com\\\/politicas-de-envio\\\/\"]}]},{\"@type\":\"BreadcrumbList\",\"@id\":\"https:\\\/\\\/cristovelazquez.com\\\/politicas-de-envio\\\/#breadcrumb\",\"itemListElement\":[{\"@type\":\"ListItem\",\"position\":1,\"name\":\"Portada\",\"item\":\"https:\\\/\\\/cristovelazquez.com\\\/\"},{\"@type\":\"ListItem\",\"position\":2,\"name\":\"Pol\u00edticas de Env\u00edo\"}]},{\"@type\":\"WebSite\",\"@id\":\"https:\\\/\\\/cristovelazquez.com\\\/#website\",\"url\":\"https:\\\/\\\/cristovelazquez.com\\\/\",\"name\":\"Tempus by Cristo Velazquez\",\"description\":\"Tempus by Cristo Velazquez\",\"publisher\":{\"@id\":\"https:\\\/\\\/cristovelazquez.com\\\/#organization\"},\"potentialAction\":[{\"@type\":\"SearchAction\",\"target\":{\"@type\":\"EntryPoint\",\"urlTemplate\":\"https:\\\/\\\/cristovelazquez.com\\\/?s={search_term_string}\"},\"query-input\":{\"@type\":\"PropertyValueSpecification\",\"valueRequired\":true,\"valueName\":\"search_term_string\"}}],\"inLanguage\":\"eu\"},{\"@type\":\"Organization\",\"@id\":\"https:\\\/\\\/cristovelazquez.com\\\/#organization\",\"name\":\"Tempus by Cristo Velazquez\",\"url\":\"https:\\\/\\\/cristovelazquez.com\\\/\",\"logo\":{\"@type\":\"ImageObject\",\"inLanguage\":\"eu\",\"@id\":\"https:\\\/\\\/cristovelazquez.com\\\/#\\\/schema\\\/logo\\\/image\\\/\",\"url\":\"https:\\\/\\\/cristovelazquez.com\\\/wp-content\\\/uploads\\\/2024\\\/04\\\/cropped-logo1trans.png\",\"contentUrl\":\"https:\\\/\\\/cristovelazquez.com\\\/wp-content\\\/uploads\\\/2024\\\/04\\\/cropped-logo1trans.png\",\"width\":500,\"height\":219,\"caption\":\"Tempus by Cristo Velazquez\"},\"image\":{\"@id\":\"https:\\\/\\\/cristovelazquez.com\\\/#\\\/schema\\\/logo\\\/image\\\/\"}}]}<\/script>\n<!-- \/ Yoast SEO plugin. -->","yoast_head_json":{"title":"Pol\u00edticas de Env\u00edo - Tempus by Cristo Velazquez","robots":{"index":"index","follow":"follow","max-snippet":"max-snippet:-1","max-image-preview":"max-image-preview:large","max-video-preview":"max-video-preview:-1"},"canonical":"https:\/\/cristovelazquez.com\/eu\/politicas-de-envio\/","og_locale":"en_US","og_type":"article","og_title":"Pol\u00edticas de Env\u00edo - Tempus by Cristo Velazquez","og_description":"Pol\u00edtica de env\u00edo Todos los pedidos recibidos, con stock disponible y abonados antes de las 12:00 horas de lunes a viernes ser\u00e1n cursados el mismo d\u00eda. A partir de las 12:00 se tramitar\u00e1n el siguiente d\u00eda h\u00e1bil. Los pedidos con stock disponible tendr\u00e1n un env\u00edo 24 \u2013 48hrs. El precio del env\u00edo incluye 2 intentos [&hellip;]","og_url":"https:\/\/cristovelazquez.com\/eu\/politicas-de-envio\/","og_site_name":"Tempus by Cristo Velazquez","article_modified_time":"2026-04-12T16:16:50+00:00","twitter_card":"summary_large_image","twitter_misc":{"Est. reading time":"2 minutua"},"schema":{"@context":"https:\/\/schema.org","@graph":[{"@type":"WebPage","@id":"https:\/\/cristovelazquez.com\/politicas-de-envio\/","url":"https:\/\/cristovelazquez.com\/politicas-de-envio\/","name":"Pol\u00edticas de Env\u00edo - Tempus by Cristo Velazquez","isPartOf":{"@id":"https:\/\/cristovelazquez.com\/#website"},"datePublished":"2024-04-29T07:48:03+00:00","dateModified":"2026-04-12T16:16:50+00:00","breadcrumb":{"@id":"https:\/\/cristovelazquez.com\/politicas-de-envio\/#breadcrumb"},"inLanguage":"eu","potentialAction":[{"@type":"ReadAction","target":["https:\/\/cristovelazquez.com\/politicas-de-envio\/"]}]},{"@type":"BreadcrumbList","@id":"https:\/\/cristovelazquez.com\/politicas-de-envio\/#breadcrumb","itemListElement":[{"@type":"ListItem","position":1,"name":"Portada","item":"https:\/\/cristovelazquez.com\/"},{"@type":"ListItem","position":2,"name":"Pol\u00edticas de Env\u00edo"}]},{"@type":"WebSite","@id":"https:\/\/cristovelazquez.com\/#website","url":"https:\/\/cristovelazquez.com\/","name":"Tempus by Cristo Velazquez","description":"Tempus by Cristo Velazquez","publisher":{"@id":"https:\/\/cristovelazquez.com\/#organization"},"potentialAction":[{"@type":"SearchAction","target":{"@type":"EntryPoint","urlTemplate":"https:\/\/cristovelazquez.com\/?s={search_term_string}"},"query-input":{"@type":"PropertyValueSpecification","valueRequired":true,"valueName":"search_term_string"}}],"inLanguage":"eu"},{"@type":"Organization","@id":"https:\/\/cristovelazquez.com\/#organization","name":"Tempus by Cristo Velazquez","url":"https:\/\/cristovelazquez.com\/","logo":{"@type":"ImageObject","inLanguage":"eu","@id":"https:\/\/cristovelazquez.com\/#\/schema\/logo\/image\/","url":"https:\/\/cristovelazquez.com\/wp-content\/uploads\/2024\/04\/cropped-logo1trans.png","contentUrl":"https:\/\/cristovelazquez.com\/wp-content\/uploads\/2024\/04\/cropped-logo1trans.png","width":500,"height":219,"caption":"Tempus by Cristo Velazquez"},"image":{"@id":"https:\/\/cristovelazquez.com\/#\/schema\/logo\/image\/"}}]}},"jetpack_sharing_enabled":true,"_links":{"self":[{"href":"https:\/\/cristovelazquez.com\/eu\/wp-json\/wp\/v2\/pages\/23","targetHints":{"allow":["GET"]}}],"collection":[{"href":"https:\/\/cristovelazquez.com\/eu\/wp-json\/wp\/v2\/pages"}],"about":[{"href":"https:\/\/cristovelazquez.com\/eu\/wp-json\/wp\/v2\/types\/page"}],"author":[{"embeddable":true,"href":"https:\/\/cristovelazquez.com\/eu\/wp-json\/wp\/v2\/users\/1"}],"replies":[{"embeddable":true,"href":"https:\/\/cristovelazquez.com\/eu\/wp-json\/wp\/v2\/comments?post=23"}],"version-history":[{"count":10,"href":"https:\/\/cristovelazquez.com\/eu\/wp-json\/wp\/v2\/pages\/23\/revisions"}],"predecessor-version":[{"id":2934,"href":"https:\/\/cristovelazquez.com\/eu\/wp-json\/wp\/v2\/pages\/23\/revisions\/2934"}],"wp:attachment":[{"href":"https:\/\/cristovelazquez.com\/eu\/wp-json\/wp\/v2\/media?parent=23"}],"curies":[{"name":"wp","href":"https:\/\/api.w.org\/{rel}","templated":true}]}}